{"id":25,"date":"2017-05-17T20:05:52","date_gmt":"2017-05-17T20:05:52","guid":{"rendered":"https:\/\/fazilapaydin.com\/?page_id=25"},"modified":"2021-11-08T22:51:45","modified_gmt":"2021-11-08T19:51:45","slug":"contacts","status":"publish","type":"page","link":"https:\/\/fazilapaydin.com\/en\/contacts\/","title":{"rendered":"Contact"},"content":{"rendered":"<p>[vc_row][vc_column width=&#8221;1\/4&#8243;]<div class=\"heading  default align-left color-black subcolor-main transform-default has-subheader icon-type-default heading-tag-h2\" id=\"like_sc_header_769054977\"><span class=\"heading-icon-fa-wrap bg-transparent far fa-envelope \"><\/span><div class=\"heading-content\"><h6 class=\"subheader ltx-sr-id-like_sc_header_769054977828356931 ltx-sr ltx-sr-effect-fade_in ltx-sr-el-block ltx-sr-delay-100 ltx-sr-duration-300 ltx-sr-sequences-50\">Please write all information here for contacting us.<\/h6><h2 class=\"header ltx-sr-id-like_sc_header_7690549771356423619 ltx-sr ltx-sr-effect-fade_in ltx-sr-el-block ltx-sr-delay-0 ltx-sr-duration-1000 ltx-sr-sequences-0\">Contact Form<\/h2><\/div><\/div>[vc_raw_html]JTNDZGl2JTIwaWQlM0QlMjJsdHhfaWNvbnMtMyUyMiUyMGNsYXNzJTNEJTIyd2lkZ2V0JTIwd2lkZ2V0X2x0eF9pY29ucyUyMiUzRSUzQ3VsJTIwY2xhc3MlM0QlMjJzb2NpYWwtaWNvbnMtbGlzdCUyMiUzRSUwQSUzQ2xpJTNFJTNDYSUyMGhyZWYlM0QlMjIlMjMlMjIlM0UlM0NzdHJvbmclM0UlMjBQaG9uZSUzQSUyMCUzQyUyRnN0cm9uZyUzRSUyQjkwJTIwNTM3JTIwNDQxJTIwMjQlMjAzMyUzQyUyRmElM0UlM0MlMkZsaSUzRSUwQSUzQ2xpJTNFJTNDYSUyMGhyZWYlM0QlMjIlMjMlMjIlM0UlM0NzdHJvbmclM0UlMjBXaGF0c0FwcCUzQSUyMCUzQyUyRnN0cm9uZyUzRSUyQjkwJTIwNTM3JTIwNDQxJTIwMjQlMjAzMyUzQyUyRmElM0UlM0MlMkZsaSUzRSUwQSUzQ2xpJTNFJTNDYSUyMGhyZWYlM0QlMjJtYWlsdG8lM0FpbmZvJTQwZmF6aWxhcGF5ZGluLmNvbSUyMiUzRSUzQ3N0cm9uZyUzRSUyMEUtbWFpbCUzQSUyMCUzQyUyRnN0cm9uZyUzRSUyMGluZm8lNDBmYXppbGFwYXlkaW4uY29tJTNDJTJGYSUzRSUzQyUyRmxpJTNFJTBBJTNDbGklM0UlM0NhJTIwaHJlZiUzRCUyMiUyMyUyMiUzRSUzQ3N0cm9uZyUzRSUyMEFkZHJlc3MlM0ElMjAlM0MlMkZzdHJvbmclM0UlMjBDdW1odXJpeWV0JTIwQnVsdmFyJUM0JUIxJTIwTm8lM0ElMjAxMjclMkMlMjBLJUMzJUJDbHQlQzMlQkNyJTIwTWFoYWxsZXNpJTJDJTIwQWxzYW5jYWslMkMlMjAzNTIyMCUyMEtvbmFrJTIwLSUyMCVDNCVCMHptaXIlMkMlMjBUJUMzJUJDcmtpeWUlM0MlMkZhJTNFJTNDJTJGbGklM0UlMEElM0MlMkZ1bCUzRSUwQSUzQyUyRmRpdiUzRQ==[\/vc_raw_html][\/vc_column][vc_column width=&#8221;3\/4&#8243;]<div class=\"wpforms-container wpforms-container-full\" id=\"wpforms-7819\"><form id=\"wpforms-form-7819\" class=\"wpforms-validate wpforms-form wpforms-ajax-form\" data-formid=\"7819\" method=\"post\" enctype=\"multipart\/form-data\" action=\"\/en\/wp-json\/wp\/v2\/pages\/25\" data-token=\"c31a6dea7645d229f772960ef6d74eab\" data-token-time=\"1777623225\"><noscript class=\"wpforms-error-noscript\">Bu formu bitirebilmek i\u00e7in taray\u0131c\u0131n\u0131zda JavaScript&#039;i etkinle\u015ftirin.<\/noscript><div class=\"wpforms-field-container\"><div id=\"wpforms-7819-field_0-container\" class=\"wpforms-field wpforms-field-name\" data-field-id=\"0\"><label class=\"wpforms-field-label\" for=\"wpforms-7819-field_0\">Name and Surname <span class=\"wpforms-required-label\">*<\/span><\/label><input type=\"text\" id=\"wpforms-7819-field_0\" class=\"wpforms-field-large wpforms-field-required\" name=\"wpforms[fields][0]\" required><\/div><div id=\"wpforms-7819-field_1-container\" class=\"wpforms-field wpforms-field-email\" data-field-id=\"1\"><label class=\"wpforms-field-label\" for=\"wpforms-7819-field_1\">E-mail address <span class=\"wpforms-required-label\">*<\/span><\/label><div class=\"wpforms-field-row wpforms-field-large\"><div class=\"wpforms-field-row-block wpforms-one-half wpforms-first\"><input type=\"email\" id=\"wpforms-7819-field_1\" class=\"wpforms-field-required wpforms-field-email-primary\" name=\"wpforms[fields][1][primary]\" spellcheck=\"false\" required><label for=\"wpforms-7819-field_1\" class=\"wpforms-field-sublabel after wpforms-sublabel-hide\">E-posta<\/label><\/div><div class=\"wpforms-field-row-block wpforms-one-half\"><input type=\"email\" id=\"wpforms-7819-field_1-secondary\" class=\"wpforms-field-email-secondary wpforms-field-required\" data-rule-confirm=\"#wpforms-7819-field_1\" name=\"wpforms[fields][1][secondary]\" spellcheck=\"false\" required><label for=\"wpforms-7819-field_1-secondary\" class=\"wpforms-field-sublabel after wpforms-sublabel-hide\">E-postay\u0131 Do\u011frula<\/label><\/div><\/div><\/div><div id=\"wpforms-7819-field_2-container\" class=\"wpforms-field wpforms-field-textarea\" data-field-id=\"2\"><label class=\"wpforms-field-label\" for=\"wpforms-7819-field_2\">Message <span class=\"wpforms-required-label\">*<\/span><\/label><textarea id=\"wpforms-7819-field_2\" class=\"wpforms-field-medium wpforms-field-required\" name=\"wpforms[fields][2]\" required><\/textarea><\/div><div id=\"wpforms-7819-field_3-container\" class=\"wpforms-field wpforms-field-gdpr-checkbox\" data-field-id=\"3\"><label class=\"wpforms-field-label\">KVKK\/GDPR Acceptance <span class=\"wpforms-required-label\">*<\/span><\/label><ul id=\"wpforms-7819-field_3\" class=\"wpforms-field-required\"><li class=\"choice-1\"><input type=\"checkbox\" id=\"wpforms-7819-field_3_1\" name=\"wpforms[fields][3][]\" value=\"In accordance with the Personal Data Protection Law (KVKK) and GDPR principles, all the information you transmit through our site will be processed to communicate with you, send information messages and be used later. Do you consent to the processing of your information?\" required ><label class=\"wpforms-field-label-inline\" for=\"wpforms-7819-field_3_1\">In accordance with the Personal Data Protection Law (KVKK) and GDPR principles, all the information you transmit through our site will be processed to communicate with you, send information messages and be used later. Do you consent to the processing of your information?<\/label><\/li><\/ul><\/div><\/div><!-- .wpforms-field-container --><div class=\"wpforms-recaptcha-container wpforms-is-recaptcha wpforms-is-recaptcha-type-v3\" ><input type=\"hidden\" name=\"wpforms[recaptcha]\" value=\"\"><\/div><div class=\"wpforms-submit-container\" ><input type=\"hidden\" name=\"wpforms[id]\" value=\"7819\"><input type=\"hidden\" name=\"page_title\" value=\"\"><input type=\"hidden\" name=\"page_url\" value=\"https:\/\/fazilapaydin.com\/en\/wp-json\/wp\/v2\/pages\/25\"><input type=\"hidden\" name=\"url_referer\" value=\"\"><button type=\"submit\" name=\"wpforms[submit]\" id=\"wpforms-submit-7819\" class=\"wpforms-submit\" data-alt-text=\"Sending...\" data-submit-text=\"Send\" aria-live=\"assertive\" value=\"wpforms-submit\">Send<\/button><img loading=\"lazy\" decoding=\"async\" src=\"https:\/\/fazilapaydin.com\/en\/wp-content\/plugins\/wpforms-lite\/assets\/images\/submit-spin.svg\" class=\"wpforms-submit-spinner\" style=\"display: none;\" width=\"26\" height=\"26\" alt=\"Y\u00fckleniyor\"><\/div><\/form><\/div>  <!-- .wpforms-container -->[\/vc_column][\/vc_row]<\/p>\n","protected":false},"excerpt":{"rendered":"<p>[vc_row][vc_column width=&#8221;1\/4&#8243;][vc_raw_html]JTNDZGl2JTIwaWQlM0QlMjJsdHhfaWNvbnMtMyUyMiUyMGNsYXNzJTNEJTIyd2lkZ2V0JTIwd2lkZ2V0X2x0eF9pY29ucyUyMiUzRSUzQ3VsJTIwY2xhc3MlM0QlMjJzb2NpYWwtaWNvbnMtbGlzdCUyMiUzRSUwQSUzQ2xpJTNFJTNDYSUyMGhyZWYlM0QlMjIlMjMlMjIlM0UlM0NzdHJvbmclM0UlMjBQaG9uZSUzQSUyMCUzQyUyRnN0cm9uZyUzRSUyQjkwJTIwNTM3JTIwNDQxJTIwMjQlMjAzMyUzQyUyRmElM0UlM0MlMkZsaSUzRSUwQSUzQ2xpJTNFJTNDYSUyMGhyZWYlM0QlMjIlMjMlMjIlM0UlM0NzdHJvbmclM0UlMjBXaGF0c0FwcCUzQSUyMCUzQyUyRnN0cm9uZyUzRSUyQjkwJTIwNTM3JTIwNDQxJTIwMjQlMjAzMyUzQyUyRmElM0UlM0MlMkZsaSUzRSUwQSUzQ2xpJTNFJTNDYSUyMGhyZWYlM0QlMjJtYWlsdG8lM0FpbmZvJTQwZmF6aWxhcGF5ZGluLmNvbSUyMiUzRSUzQ3N0cm9uZyUzRSUyMEUtbWFpbCUzQSUyMCUzQyUyRnN0cm9uZyUzRSUyMGluZm8lNDBmYXppbGFwYXlkaW4uY29tJTNDJTJGYSUzRSUzQyUyRmxpJTNFJTBBJTNDbGklM0UlM0NhJTIwaHJlZiUzRCUyMiUyMyUyMiUzRSUzQ3N0cm9uZyUzRSUyMEFkZHJlc3MlM0ElMjAlM0MlMkZzdHJvbmclM0UlMjBDdW1odXJpeWV0JTIwQnVsdmFyJUM0JUIxJTIwTm8lM0ElMjAxMjclMkMlMjBLJUMzJUJDbHQlQzMlQkNyJTIwTWFoYWxsZXNpJTJDJTIwQWxzYW5jYWslMkMlMjAzNTIyMCUyMEtvbmFrJTIwLSUyMCVDNCVCMHptaXIlMkMlMjBUJUMzJUJDcmtpeWUlM0MlMkZhJTNFJTNDJTJGbGklM0UlMEElM0MlMkZ1bCUzRSUwQSUzQyUyRmRpdiUzRQ==[\/vc_raw_html][\/vc_column][vc_column width=&#8221;3\/4&#8243;][\/vc_column][\/vc_row]<\/p>\n","protected":false},"author":1,"featured_media":0,"parent":0,"menu_order":49,"comment_status":"closed","ping_status":"closed","template":"","meta":{"footnotes":""},"class_list":["post-25","page","type-page","status-publish","hentry"],"_links":{"self":[{"href":"https:\/\/fazilapaydin.com\/en\/wp-json\/wp\/v2\/pages\/25","targetHints":{"allow":["GET"]}}],"collection":[{"href":"https:\/\/fazilapaydin.com\/en\/wp-json\/wp\/v2\/pages"}],"about":[{"href":"https:\/\/fazilapaydin.com\/en\/wp-json\/wp\/v2\/types\/page"}],"author":[{"embeddable":true,"href":"https:\/\/fazilapaydin.com\/en\/wp-json\/wp\/v2\/users\/1"}],"replies":[{"embeddable":true,"href":"https:\/\/fazilapaydin.com\/en\/wp-json\/wp\/v2\/comments?post=25"}],"version-history":[{"count":14,"href":"https:\/\/fazilapaydin.com\/en\/wp-json\/wp\/v2\/pages\/25\/revisions"}],"predecessor-version":[{"id":8222,"href":"https:\/\/fazilapaydin.com\/en\/wp-json\/wp\/v2\/pages\/25\/revisions\/8222"}],"wp:attachment":[{"href":"https:\/\/fazilapaydin.com\/en\/wp-json\/wp\/v2\/media?parent=25"}],"curies":[{"name":"wp","href":"https:\/\/api.w.org\/{rel}","templated":true}]}}